{"id":117,"date":"2026-03-19T17:50:07","date_gmt":"2026-03-19T17:50:07","guid":{"rendered":"https:\/\/lasaipsic.com\/inicio\/"},"modified":"2026-04-21T08:52:14","modified_gmt":"2026-04-21T08:52:14","slug":"inicio","status":"publish","type":"page","link":"https:\/\/lasaipsic.com\/es\/","title":{"rendered":"Inicio"},"content":{"rendered":"<div class=\"wpb-content-wrapper\"><p>[vc_row css_animation=\u00bb\u00bb row_type=\u00bbrow\u00bb use_row_as_full_screen_section=\u00bbno\u00bb type=\u00bbfull_width\u00bb angled_section=\u00bbno\u00bb text_align=\u00bbleft\u00bb background_image_as_pattern=\u00bbwithout_pattern\u00bb css=\u00bb.vc_custom_1773942703865{padding-top: 150px !important;padding-bottom: 150px !important;background-image: url(https:\/\/lasaipsic.com\/wp-content\/uploads\/2026\/03\/fons-scaled.jpg?id=11) !important;}\u00bb z_index=\u00bb\u00bb][vc_column][vc_single_image image=\u00bb121&#8243; img_size=\u00bblarge\u00bb alignment=\u00bbcenter\u00bb css=\u00bb\u00bb qode_css_animation=\u00bb\u00bb][vc_single_image image=\u00bb118&#8243; img_size=\u00bb300&#8243; alignment=\u00bbcenter\u00bb css=\u00bb.vc_custom_1773942901100{margin-bottom: 0px !important;padding-top: 80px !important;}\u00bb qode_css_animation=\u00bb\u00bb][vc_row_inner row_type=\u00bbrow\u00bb type=\u00bbgrid\u00bb text_align=\u00bbleft\u00bb css_animation=\u00bb\u00bb el_class=\u00bbcolumnes\u00bb][vc_column_inner el_class=\u00bbcolumn\u00bb width=\u00bb1\/3&#8243; css=\u00bb.vc_custom_1773997255551{margin-right: 10px !important;border-top-width: 1px !important;border-right-width: 1px !important;border-bottom-width: 1px !important;border-left-width: 1px !important;padding-top: 40px !important;padding-right: 40px !important;padding-bottom: 40px !important;padding-left: 40px !important;background-color: #0000000A !important;border-radius: 10px !important;border-color: #E7E7E7 !important;}\u00bb]<span data-type=\"normal\"  class=\"qode_icon_shortcode  q_font_awsome_icon fa-2x  \" style=\"margin: 0 0 20px 0; \"><i class=\"qode_icon_font_awesome_5 fa5 fa fa-user qode_icon_element\" style=\"\" ><\/i><\/span>[vc_column_text css=\u00bb\u00bb]Con a\u00f1os de experiencia dedicados a trabajar con ni\u00f1os, adolescentes y familias desde el \u00e1mbito educativo, realizando asesoramiento y trabajo psicoterap\u00e9utico, as\u00ed como desde el \u00e1mbito deportivo, ponemos en marcha este proyecto, LASAI, un espacio de psicoterapia donde queremos acompa\u00f1arle.[\/vc_column_text][\/vc_column_inner][vc_column_inner el_class=\u00bbcolumn\u00bb width=\u00bb1\/3&#8243; css=\u00bb.vc_custom_1773997257980{margin-right: 10px !important;border-top-width: 1px !important;border-right-width: 1px !important;border-bottom-width: 1px !important;border-left-width: 1px !important;padding-top: 40px !important;padding-right: 40px !important;padding-bottom: 40px !important;padding-left: 40px !important;background-color: #0000000A !important;border-radius: 10px !important;border-color: #E7E7E7 !important;}\u00bb]<span data-type=\"normal\"  class=\"qode_icon_shortcode  q_font_awsome_icon fa-2x  \" style=\"margin: 0 0 20px 0; \"><i class=\"qode_icon_font_awesome_5 fa5 fa fa-eye qode_icon_element\" style=\"\" ><\/i><\/span>[vc_column_text css=\u00bb\u00bb]Trabajamos desde la perspectiva de la terapia familiar sist\u00e9mica y breve estrat\u00e9gica como si confeccion\u00e1ramos un traje a medida. Acompa\u00f1amos a las familias en su crecimiento personal y familiar para ofrecerles recursos y t\u00e9cnicas que les ayuden a mejorar las relaciones y mantener su salud y calidad de vida.[\/vc_column_text][\/vc_column_inner][vc_column_inner el_class=\u00bbcolumn\u00bb width=\u00bb1\/3&#8243; css=\u00bb.vc_custom_1773997260532{border-top-width: 1px !important;border-right-width: 1px !important;border-bottom-width: 1px !important;border-left-width: 1px !important;padding-top: 40px !important;padding-right: 40px !important;padding-bottom: 40px !important;padding-left: 40px !important;background-color: #0000000A !important;border-radius: 10px !important;border-color: #E7E7E7 !important;}\u00bb]<span data-type=\"normal\"  class=\"qode_icon_shortcode  q_font_awsome_icon fa-2x  \" style=\"margin: 0 0 20px 0; \"><i class=\"qode_icon_font_awesome_5 fa5 fa fa-book-open qode_icon_element\" style=\"\" ><\/i><\/span>[vc_column_text css=\u00bb\u00bb]La psicoterapia, ya sea individual, familiar o de pareja, puede ofrecer resultados eficientes en un breve espacio de tiempo. Trabajamos cada situaci\u00f3n de manera espec\u00edfica y nos esforzamos por encontrar la soluci\u00f3n de la manera m\u00e1s r\u00e1pida y eficiente para, de este modo, acompa\u00f1arle a salir de la situaci\u00f3n que le hace sufrir.[\/vc_column_text][\/vc_column_inner][\/vc_row_inner][\/vc_column][\/vc_row][vc_row css_animation=\u00bb\u00bb row_type=\u00bbrow\u00bb use_row_as_full_screen_section=\u00bbno\u00bb type=\u00bbgrid\u00bb angled_section=\u00bbno\u00bb text_align=\u00bbleft\u00bb background_image_as_pattern=\u00bbwithout_pattern\u00bb css=\u00bb.vc_custom_1776761324001{margin-top: 20px !important;margin-right: 20px !important;margin-bottom: 20px !important;margin-left: 20px !important;padding-top: 80px !important;padding-right: 50px !important;padding-bottom: 80px !important;padding-left: 50px !important;background-color: #000000 !important;border-radius: 20px !important;}\u00bb z_index=\u00bb\u00bb el_class=\u00bbblanc fons_gos fons-gos\u00bb anchor=\u00bbvalors\u00bb background_image=\u00bb44&#8243;][vc_column][vc_column_text css=\u00bb\u00bb el_class=\u00bbblanc\u00bb]<\/p>\n<h1 style=\"text-align: left;\">Valores<\/h1>\n<p>[\/vc_column_text][vc_row_inner row_type=\u00bbrow\u00bb type=\u00bbgrid\u00bb text_align=\u00bbleft\u00bb css_animation=\u00bb\u00bb css=\u00bb.vc_custom_1774426819082{margin-top: 150px !important;}\u00bb][vc_column_inner width=\u00bb1\/5&#8243;]<div class='q_icon_with_title medium normal_icon center '><div class=\"icon_holder \" style=\" \"><span data-icon-type=\"normal\" class=\"qode_iwt_icon_holder q_font_awsome_icon fa-3x  \"><i class=\"qode_icon_font_awesome fa fa-lock qode_iwt_icon_element\" style=\"color: #FFFFFF\"><\/i><\/span><\/div><div class=\"icon_text_holder\" style=\"\"><div class=\"icon_text_inner\" style=\"\"><h2 class=\"icon_title\" style=\"\">Confidencialidad<\/h2><p style=''><\/p><\/div><\/div><\/div>[\/vc_column_inner][vc_column_inner width=\u00bb1\/5&#8243;]<div class='q_icon_with_title medium normal_icon center '><div class=\"icon_holder \" style=\" \"><span data-icon-type=\"normal\" class=\"qode_iwt_icon_holder q_font_awsome_icon fa-3x  \"><i class=\"qode_icon_font_awesome fa fa-heartbeat qode_iwt_icon_element\" style=\"color: #FFFFFF\"><\/i><\/span><\/div><div class=\"icon_text_holder\" style=\"\"><div class=\"icon_text_inner\" style=\"\"><h2 class=\"icon_title\" style=\"\">Empat\u00eda<\/h2><p style=''><\/p><\/div><\/div><\/div>[\/vc_column_inner][vc_column_inner width=\u00bb1\/5&#8243;]<div class='q_icon_with_title medium normal_icon center '><div class=\"icon_holder \" style=\" \"><span data-icon-type=\"normal\" class=\"qode_iwt_icon_holder q_font_awsome_icon fa-3x  \"><i class=\"qode_icon_font_awesome fa fa-smile-o qode_iwt_icon_element\" style=\"color: #FFFFFF\"><\/i><\/span><\/div><div class=\"icon_text_holder\" style=\"\"><div class=\"icon_text_inner\" style=\"\"><h2 class=\"icon_title\" style=\"\">Rigor y respeto<\/h2><p style=''><\/p><\/div><\/div><\/div>[\/vc_column_inner][vc_column_inner width=\u00bb1\/5&#8243;]<div class='q_icon_with_title medium normal_icon center '><div class=\"icon_holder \" style=\" \"><span data-icon-type=\"normal\" class=\"qode_iwt_icon_holder q_font_awsome_icon fa-3x  \"><i class=\"qode_icon_font_awesome fa fa-thumbs-up qode_iwt_icon_element\" style=\"color: #FFFFFF\"><\/i><\/span><\/div><div class=\"icon_text_holder\" style=\"\"><div class=\"icon_text_inner\" style=\"\"><h2 class=\"icon_title\" style=\"\">Integridad<\/h2><p style=''><\/p><\/div><\/div><\/div>[\/vc_column_inner][vc_column_inner width=\u00bb1\/5&#8243;]<div class='q_icon_with_title medium normal_icon center '><div class=\"icon_holder \" style=\" \"><span data-icon-type=\"normal\" class=\"qode_iwt_icon_holder q_font_awsome_icon fa-3x  \"><i class=\"qode_icon_font_awesome fa fa-plug qode_iwt_icon_element\" style=\"color: #FFFFFF\"><\/i><\/span><\/div><div class=\"icon_text_holder\" style=\"\"><div class=\"icon_text_inner\" style=\"\"><h2 class=\"icon_title\" style=\"\">Compromiso<\/h2><p style=''><\/p><\/div><\/div><\/div>[\/vc_column_inner][\/vc_row_inner][\/vc_column][\/vc_row][vc_row css_animation=\u00bb\u00bb row_type=\u00bbrow\u00bb use_row_as_full_screen_section=\u00bbno\u00bb type=\u00bbgrid\u00bb angled_section=\u00bbno\u00bb text_align=\u00bbleft\u00bb background_image_as_pattern=\u00bbwithout_pattern\u00bb css=\u00bb.vc_custom_1774260691151{padding-top: 150px !important;padding-bottom: 150px !important;background-image: url(https:\/\/lasaipsic.com\/wp-content\/uploads\/2026\/03\/fons-scaled.jpg?id=11) !important;}\u00bb z_index=\u00bb\u00bb anchor=\u00bbqui-som\u00bb][vc_column][vc_column_text css=\u00bb.vc_custom_1773997849835{margin-bottom: 50px !important;}\u00bb]<\/p>\n<h1>Qui\u00e9nes somos<\/h1>\n<p>[\/vc_column_text][vc_row_inner row_type=\u00bbrow\u00bb type=\u00bbgrid\u00bb text_align=\u00bbleft\u00bb css_animation=\u00bb\u00bb el_class=\u00bbcolumnes\u00bb][vc_column_inner width=\u00bb1\/2&#8243; css=\u00bb.vc_custom_1776690700734{margin-top: 0px !important;margin-right: 0px !important;margin-bottom: 0px !important;margin-left: 0px !important;padding-top: 0px !important;padding-right: 0px !important;padding-bottom: 0px !important;padding-left: 0px !important;background-color: #00000000 !important;border-color: #E7E7E7 !important;}\u00bb offset=\u00bbvc_hidden-sm vc_hidden-xs\u00bb][vc_single_image image=\u00bb123&#8243; img_size=\u00bbmedium\u00bb alignment=\u00bbcenter\u00bb css=\u00bb.vc_custom_1773997186358{margin-bottom: 0px !important;}\u00bb qode_css_animation=\u00bb\u00bb][\/vc_column_inner][vc_column_inner width=\u00bb1\/2&#8243; css=\u00bb.vc_custom_1776690705802{margin-top: 0px !important;margin-right: 0px !important;margin-bottom: 0px !important;margin-left: 0px !important;padding-top: 0px !important;padding-right: 0px !important;padding-bottom: 0px !important;padding-left: 0px !important;background-color: #00000000 !important;border-color: #E7E7E7 !important;}\u00bb offset=\u00bbvc_hidden-sm vc_hidden-xs\u00bb][vc_single_image image=\u00bb125&#8243; img_size=\u00bbmedium\u00bb alignment=\u00bbcenter\u00bb css=\u00bb.vc_custom_1773997369582{margin-bottom: 0px !important;}\u00bb qode_css_animation=\u00bb\u00bb][\/vc_column_inner][\/vc_row_inner][vc_row_inner row_type=\u00bbrow\u00bb type=\u00bbgrid\u00bb text_align=\u00bbleft\u00bb css_animation=\u00bb\u00bb el_class=\u00bbcolumnes\u00bb][vc_column_inner el_class=\u00bbcolumn\u00bb width=\u00bb1\/2&#8243; css=\u00bb.vc_custom_1773997277377{margin-right: 10px !important;border-top-width: 1px !important;border-right-width: 1px !important;border-bottom-width: 1px !important;border-left-width: 1px !important;padding-top: 40px !important;padding-right: 40px !important;padding-bottom: 40px !important;padding-left: 40px !important;background-color: #0000000A !important;border-radius: 10px !important;border-color: #E7E7E7 !important;}\u00bb][vc_column_text css=\u00bb\u00bb]<\/p>\n<h2 class=\"text-4xl text-secondary-500 mt-6\">Laura<\/h2>\n<h3 class=\"text-primary-600 mb-4 uppercase\">Psic\u00f3loga y psicoterapeuta familiar<\/h3>\n<p>&nbsp;<\/p>\n<p class=\"text-gray-500 mt-5\">Soy psic\u00f3loga y mi trayectoria se ha centrado en el acompa\u00f1amiento a personas que han sufrido violencia, el trabajo psicoterap\u00e9utico a nivel individual, con familias y parejas. Actualmente combino el trabajo psicoterap\u00e9utico con el asesoramiento en el \u00e1mbito educativo. <\/p>\n<p class=\"text-gray-500text-primary-600 mt-4\">Me apasiona seguir form\u00e1ndome y realizar este trabajo de hormiguita. Me entusiasm\u00f3 la terapia familiar sist\u00e9mica y es mi gu\u00eda b\u00e1sica, aunque tambi\u00e9n me ayudan la neurociencia, la mediaci\u00f3n y la terapia breve. <\/p>\n<p>[\/vc_column_text][\/vc_column_inner][vc_column_inner el_class=\u00bbcolumn\u00bb width=\u00bb1\/2&#8243; css=\u00bb.vc_custom_1773997279896{margin-right: 10px !important;border-top-width: 1px !important;border-right-width: 1px !important;border-bottom-width: 1px !important;border-left-width: 1px !important;padding-top: 40px !important;padding-right: 40px !important;padding-bottom: 40px !important;padding-left: 40px !important;background-color: #0000000A !important;border-radius: 10px !important;border-color: #E7E7E7 !important;}\u00bb][vc_column_text css=\u00bb\u00bb]<\/p>\n<h2 class=\"text-4xl text-secondary-500 mt-6\">Sergi<\/h2>\n<h3 class=\"text-primary-600 mb-4 uppercase\">Trabajador social y terapeuta familiar<\/h3>\n<p>&nbsp;<\/p>\n<p class=\"text-gray-500 mt-5\">Mi formaci\u00f3n es como trabajador y educador social, habiendo trabajado en centros de protecci\u00f3n de menores, Unidades de Escolarizaci\u00f3n Compartida y, desde 2004, en el Departamento de Educaci\u00f3n como trabajador social en equipos multiprofesionales (EAP) en el \u00e1mbito adolescente y con familias. Durante los \u00faltimos 8 a\u00f1os tambi\u00e9n he trabajado ofreciendo apoyo emocional en el \u00e1mbito deportivo. <\/p>\n<p class=\"text-gray-500 mt-4\">Fruto de los a\u00f1os y de la experiencia, mi perspectiva ha ido evolucionando hacia la terapia sist\u00e9mica y la terapia breve estrat\u00e9gica.<\/p>\n<p>[\/vc_column_text][\/vc_column_inner][\/vc_row_inner][\/vc_column][\/vc_row][vc_row css_animation=\u00bb\u00bb row_type=\u00bbrow\u00bb use_row_as_full_screen_section=\u00bbno\u00bb type=\u00bbgrid\u00bb angled_section=\u00bbno\u00bb text_align=\u00bbleft\u00bb background_image_as_pattern=\u00bbwithout_pattern\u00bb css=\u00bb.vc_custom_1776761241066{margin-top: 20px !important;margin-right: 20px !important;margin-bottom: 20px !important;margin-left: 20px !important;padding-top: 50px !important;padding-right: 50px !important;padding-bottom: 50px !important;padding-left: 50px !important;background-color: #000000 !important;border-radius: 20px !important;}\u00bb z_index=\u00bb\u00bb el_class=\u00bbblanc fons_gent\u00bb anchor=\u00bbserveis\u00bb background_image=\u00bb75&#8243;][vc_column][vc_column_text css=\u00bb.vc_custom_1774260650580{padding-top: 30px !important;}\u00bb el_class=\u00bbblanc\u00bb]<\/p>\n<h1>Servicios<\/h1>\n<p>&nbsp;<\/p>\n<p class=\"tracking-tight text-white pt-4\">Desde la terapia familiar podemos ayudarles a mejorar las relaciones familiares. Promover entre los miembros la comprensi\u00f3n y la comunicaci\u00f3n para desarrollar estrategias y habilidades para la resoluci\u00f3n de conflictos. <\/p>\n<p>&nbsp;<\/p>\n<p class=\"tracking-tight text-white pt-4\">Con la terapia individual, le acompa\u00f1amos a superar las dificultades o crisis vitales.<\/p>\n<p>[\/vc_column_text][vc_row_inner row_type=\u00bbrow\u00bb type=\u00bbgrid\u00bb text_align=\u00bbleft\u00bb css_animation=\u00bb\u00bb css=\u00bb.vc_custom_1774426965381{margin-top: 100px !important;background-color: #00000000 !important;}\u00bb][vc_column_inner width=\u00bb1\/2&#8243;]<div class='q_icon_with_title medium normal_icon center '><div class=\"icon_holder \" style=\" \"><span data-icon-type=\"normal\" class=\"qode_iwt_icon_holder q_font_awsome_icon fa-3x  \"><i class=\"qode_icon_font_awesome fa fa-smile-o qode_iwt_icon_element\" style=\"color: #FFFFFF\"><\/i><\/span><\/div><div class=\"icon_text_holder\" style=\"\"><div class=\"icon_text_inner\" style=\"\"><h2 class=\"icon_title\" style=\"\">Trabajar por el bienestar emocional<\/h2><p style=''><\/p><\/div><\/div><\/div>[vc_empty_space]<div class='q_icon_with_title medium normal_icon center '><div class=\"icon_holder \" style=\" \"><span data-icon-type=\"normal\" class=\"qode_iwt_icon_holder q_font_awsome_icon fa-3x  \"><i class=\"qode_icon_font_awesome fa fa-hand-rock-o qode_iwt_icon_element\" style=\"color: #FFFFFF\"><\/i><\/span><\/div><div class=\"icon_text_holder\" style=\"\"><div class=\"icon_text_inner\" style=\"\"><h2 class=\"icon_title\" style=\"\">Reforzar la autoestima e inseguridad emocional<\/h2><p style=''><\/p><\/div><\/div><\/div>[\/vc_column_inner][vc_column_inner width=\u00bb1\/2&#8243;]<div class='q_icon_with_title medium normal_icon center '><div class=\"icon_holder \" style=\" \"><span data-icon-type=\"normal\" class=\"qode_iwt_icon_holder q_font_awsome_icon fa-3x  \"><i class=\"qode_icon_font_awesome fa fa-wrench qode_iwt_icon_element\" style=\"color: #FFFFFF\"><\/i><\/span><\/div><div class=\"icon_text_holder\" style=\"\"><div class=\"icon_text_inner\" style=\"\"><h2 class=\"icon_title\" style=\"\">Ofrecer herramientas para las relaciones interpersonales<\/h2><p style=''><\/p><\/div><\/div><\/div>[vc_empty_space]<div class='q_icon_with_title medium normal_icon center '><div class=\"icon_holder \" style=\" \"><span data-icon-type=\"normal\" class=\"qode_iwt_icon_holder q_font_awsome_icon fa-3x  \"><i class=\"qode_icon_font_awesome fa fa-user qode_iwt_icon_element\" style=\"color: #FFFFFF\"><\/i><\/span><\/div><div class=\"icon_text_holder\" style=\"\"><div class=\"icon_text_inner\" style=\"\"><h2 class=\"icon_title\" style=\"\">Indagar en el desarrollo personal<\/h2><p style=''><\/p><\/div><\/div><\/div>[\/vc_column_inner][\/vc_row_inner][\/vc_column][\/vc_row][vc_row css_animation=\u00bb\u00bb row_type=\u00bbrow\u00bb use_row_as_full_screen_section=\u00bbno\u00bb type=\u00bbgrid\u00bb angled_section=\u00bbno\u00bb text_align=\u00bbleft\u00bb background_image_as_pattern=\u00bbwithout_pattern\u00bb css=\u00bb.vc_custom_1773999625267{padding-top: 150px !important;padding-bottom: 150px !important;}\u00bb z_index=\u00bb\u00bb el_class=\u00bbcolumn\u00bb][vc_column width=\u00bb1\/3&#8243;][vc_column_text css=\u00bb.vc_custom_1773998867795{margin-bottom: 50px !important;}\u00bb]<\/p>\n<h1>Contacto<\/h1>\n<p>&nbsp;<\/p>\n<p class=\"text-secondary-500\">En <strong>Lasai<\/strong> nos dedicamos a acompa\u00f1arle en su proceso de bienestar emocional y crecimiento personal. Si necesita m\u00e1s informaci\u00f3n o desea concertar una cita, no dude en ponerse en contacto con nosotros. <\/p>\n<p>&nbsp;<\/p>\n<p class=\"mt-6 text-secondary-500\">Estamos aqu\u00ed para escucharle y ayudarle a encontrar el equilibrio que busca.<\/p>\n<p>&nbsp;<\/p>\n<p class=\"mt-6 text-secondary-500\">Trabajamos online y presencialmente en Berga y Avi\u00e0.<\/p>\n<p>[\/vc_column_text][\/vc_column][vc_column width=\u00bb2\/3&#8243;][vc_row_inner row_type=\u00bbrow\u00bb type=\u00bbfull_width\u00bb text_align=\u00bbleft\u00bb css_animation=\u00bb\u00bb el_class=\u00bbcolumn\u00bb][vc_column_inner el_class=\u00bbcolumn\u00bb width=\u00bb1\/2&#8243; css=\u00bb.vc_custom_1773999661328{padding-top: 30px !important;padding-right: 30px !important;padding-bottom: 30px !important;padding-left: 30px !important;background-color: #0000000A !important;border-radius: 10px !important;}\u00bb]<div class='q_icon_with_title tiny normal_icon left_from_title '><div class=\"icon_text_holder\" style=\"\"><div class=\"icon_text_inner\" style=\"\"><div class=\"icon_title_holder\"><div class=\"icon_holder \" style=\" \"><span data-icon-type=\"normal\" class=\"qode_iwt_icon_holder q_font_awsome_icon fa-lg  \"><i class=\"qode_icon_font_awesome fa fa-envelope-o qode_iwt_icon_element\"><\/i><\/span><\/div><h2 class=\"icon_title\" style=\"\">Correo electr\u00f3nico<\/h2><\/div><p style=''><\/p><a itemprop='url' class='icon_with_title_link' href='mailto:lasaipsicologia@gmail.com' target='_self' style='color: #424242;'>lasaipsicologia@gmail.com<\/a><\/div><\/div><\/div>[\/vc_column_inner][vc_column_inner el_class=\u00bbcolumn\u00bb width=\u00bb1\/2&#8243; css=\u00bb.vc_custom_1773999670945{padding-top: 30px !important;padding-right: 30px !important;padding-bottom: 30px !important;padding-left: 30px !important;background-color: #0000000A !important;border-radius: 10px !important;}\u00bb]<div class='q_icon_with_title tiny normal_icon left_from_title '><div class=\"icon_text_holder\" style=\"\"><div class=\"icon_text_inner\" style=\"\"><div class=\"icon_title_holder\"><div class=\"icon_holder \" style=\" \"><span data-icon-type=\"normal\" class=\"qode_iwt_icon_holder q_font_awsome_icon fa-lg  \"><i class=\"qode_icon_font_awesome fa fa-phone qode_iwt_icon_element\"><\/i><\/span><\/div><h2 class=\"icon_title\" style=\"\">Tel\u00e9fono<\/h2><\/div><p style=''><\/p><a itemprop='url' class='icon_with_title_link' href='tel:+34613067329' target='_self' style='color: #424242;'>613 06 73 29<\/a><\/div><\/div><\/div>[\/vc_column_inner][\/vc_row_inner][vc_row_inner row_type=\u00bbrow\u00bb type=\u00bbfull_width\u00bb text_align=\u00bbleft\u00bb css_animation=\u00bb\u00bb el_class=\u00bbcolumn\u00bb][vc_column_inner el_class=\u00bbcolumn\u00bb width=\u00bb1\/2&#8243; css=\u00bb.vc_custom_1773999664749{padding-top: 30px !important;padding-right: 30px !important;padding-bottom: 30px !important;padding-left: 30px !important;background-color: #0000000A !important;border-radius: 10px !important;}\u00bb]<div class='q_icon_with_title tiny normal_icon left_from_title '><div class=\"icon_text_holder\" style=\"\"><div class=\"icon_text_inner\" style=\"\"><div class=\"icon_title_holder\"><div class=\"icon_holder \" style=\" \"><span data-icon-type=\"normal\" class=\"qode_iwt_icon_holder q_font_awsome_icon fa-lg  \"><i class=\"qode_icon_font_awesome fa fa-instagram qode_iwt_icon_element\"><\/i><\/span><\/div><h2 class=\"icon_title\" style=\"\">Instagram<\/h2><\/div><p style=''><\/p><a itemprop='url' class='icon_with_title_link' href='https:\/\/www.instagram.com\/lasaipsic\/' target='_blank' style='color: #424242;'>@lasaipsic<\/a><\/div><\/div><\/div>[\/vc_column_inner][vc_column_inner el_class=\u00bbcolumn\u00bb width=\u00bb1\/2&#8243; css=\u00bb.vc_custom_1773999667764{padding-top: 30px !important;padding-right: 30px !important;padding-bottom: 30px !important;padding-left: 30px !important;background-color: #0000000A !important;border-radius: 10px !important;}\u00bb]<div class='q_icon_with_title tiny normal_icon left_from_title '><div class=\"icon_text_holder\" style=\"\"><div class=\"icon_text_inner\" style=\"\"><div class=\"icon_title_holder\"><div class=\"icon_holder \" style=\" \"><span data-icon-type=\"normal\" class=\"qode_iwt_icon_holder q_font_awsome_icon fa-lg  \"><i class=\"qode_icon_font_awesome fa fa-keyboard-o qode_iwt_icon_element\"><\/i><\/span><\/div><h2 class=\"icon_title\" style=\"\">Formulario<\/h2><\/div><p style=''><\/p><a itemprop='url' class='icon_with_title_link' href='https:\/\/docs.google.com\/forms\/d\/e\/1FAIpQLSdI4LuUvbq5vZkH42mgl0yqNAbmGZmS31CcrI206ov5ZFHTcA\/viewform' target='_blank' style='color: #424242;'>Contacto<\/a><\/div><\/div><\/div>[\/vc_column_inner][\/vc_row_inner][\/vc_column][\/vc_row]<\/p>\n<\/div>","protected":false},"excerpt":{"rendered":"<p>[vc_row css_animation=\u00bb\u00bb row_type=\u00bbrow\u00bb use_row_as_full_screen_section=\u00bbno\u00bb type=\u00bbfull_width\u00bb angled_section=\u00bbno\u00bb text_align=\u00bbleft\u00bb background_image_as_pattern=\u00bbwithout_pattern\u00bb css=\u00bb.vc_custom_1773942703865{padding-top: 150px !important;padding-bottom: 150px !important;background-image: url(https:\/\/lasaipsic.com\/wp-content\/uploads\/2026\/03\/fons-scaled.jpg?id=11) !important;}\u00bb z_index=\u00bb\u00bb][vc_column][vc_single_image image=\u00bb121&#8243; img_size=\u00bblarge\u00bb alignment=\u00bbcenter\u00bb css=\u00bb\u00bb qode_css_animation=\u00bb\u00bb][vc_single_image image=\u00bb118&#8243; img_size=\u00bb300&#8243; alignment=\u00bbcenter\u00bb css=\u00bb.vc_custom_1773942901100{margin-bottom: 0px !important;padding-top: 80px !important;}\u00bb qode_css_animation=\u00bb\u00bb][vc_row_inner row_type=\u00bbrow\u00bb type=\u00bbgrid\u00bb text_align=\u00bbleft\u00bb css_animation=\u00bb\u00bb el_class=\u00bbcolumnes\u00bb][vc_column_inner el_class=\u00bbcolumn\u00bb width=\u00bb1\/3&#8243; css=\u00bb.vc_custom_1773997255551{margin-right: 10px !important;border-top-width: 1px !important;border-right-width: 1px !important;border-bottom-width: 1px&#8230;<\/p>\n","protected":false},"author":1,"featured_media":0,"parent":0,"menu_order":0,"comment_status":"closed","ping_status":"closed","template":"full_width.php","meta":{"footnotes":""},"class_list":["post-117","page","type-page","status-publish","hentry"],"_links":{"self":[{"href":"https:\/\/lasaipsic.com\/es\/wp-json\/wp\/v2\/pages\/117","targetHints":{"allow":["GET"]}}],"collection":[{"href":"https:\/\/lasaipsic.com\/es\/wp-json\/wp\/v2\/pages"}],"about":[{"href":"https:\/\/lasaipsic.com\/es\/wp-json\/wp\/v2\/types\/page"}],"author":[{"embeddable":true,"href":"https:\/\/lasaipsic.com\/es\/wp-json\/wp\/v2\/users\/1"}],"replies":[{"embeddable":true,"href":"https:\/\/lasaipsic.com\/es\/wp-json\/wp\/v2\/comments?post=117"}],"version-history":[{"count":12,"href":"https:\/\/lasaipsic.com\/es\/wp-json\/wp\/v2\/pages\/117\/revisions"}],"predecessor-version":[{"id":190,"href":"https:\/\/lasaipsic.com\/es\/wp-json\/wp\/v2\/pages\/117\/revisions\/190"}],"wp:attachment":[{"href":"https:\/\/lasaipsic.com\/es\/wp-json\/wp\/v2\/media?parent=117"}],"curies":[{"name":"wp","href":"https:\/\/api.w.org\/{rel}","templated":true}]}}