{"id":130,"date":"2026-03-19T17:48:26","date_gmt":"2026-03-19T17:48:26","guid":{"rendered":"https:\/\/lasaipsic.com\/contacto\/"},"modified":"2026-03-20T11:05:32","modified_gmt":"2026-03-20T11:05:32","slug":"contacto","status":"publish","type":"page","link":"https:\/\/lasaipsic.com\/es\/contacto\/","title":{"rendered":"Contacto"},"content":{"rendered":"<div class=\"wpb-content-wrapper\"><p>[vc_row css_animation=\u00bb\u00bb row_type=\u00bbrow\u00bb use_row_as_full_screen_section=\u00bbno\u00bb type=\u00bbgrid\u00bb angled_section=\u00bbno\u00bb text_align=\u00bbleft\u00bb background_image_as_pattern=\u00bbwithout_pattern\u00bb css=\u00bb.vc_custom_1774001226373{padding-top: 150px !important;padding-bottom: 150px !important;background-image: url(https:\/\/lasaipsic.com\/wp-content\/uploads\/2026\/03\/fons-scaled.jpg?id=11) !important;}\u00bb z_index=\u00bb\u00bb el_class=\u00bbcolumn\u00bb][vc_column width=\u00bb1\/3&#8243;][vc_column_text css=\u00bb.vc_custom_1773998867795{margin-bottom: 50px !important;}\u00bb]<\/p>\n<h1>Contacto<\/h1>\n<p>&nbsp;<\/p>\n<p class=\"text-secondary-500\">En <strong>Lasai<\/strong> nos dedicamos a acompa\u00f1arle en su proceso de bienestar emocional y crecimiento personal. Si necesita m\u00e1s informaci\u00f3n o desea concertar una cita, no dude en ponerse en contacto con nosotros.<\/p>\n<p>&nbsp;<\/p>\n<p class=\"mt-6 text-secondary-500\">Estamos aqu\u00ed para escucharle y ayudarle a encontrar el equilibrio que busca.<\/p>\n<p>&nbsp;<\/p>\n<p class=\"mt-6 text-secondary-500\">Trabajamos online y presencialmente en Berga y Avi\u00e0.<\/p>\n<p>[\/vc_column_text][vc_row_inner row_type=\u00bbrow\u00bb type=\u00bbfull_width\u00bb text_align=\u00bbleft\u00bb css_animation=\u00bb\u00bb el_class=\u00bbcolumn\u00bb][vc_column_inner el_class=\u00bbcolumn\u00bb css=\u00bb.vc_custom_1773999661328{padding-top: 30px !important;padding-right: 30px !important;padding-bottom: 30px !important;padding-left: 30px !important;background-color: #0000000A !important;border-radius: 10px !important;}\u00bb]<div class='q_icon_with_title tiny normal_icon left_from_title '><div class=\"icon_text_holder\" style=\"\"><div class=\"icon_text_inner\" style=\"\"><div class=\"icon_title_holder\"><div class=\"icon_holder \" style=\" \"><span data-icon-type=\"normal\" class=\"qode_iwt_icon_holder q_font_awsome_icon fa-lg  \"><i class=\"qode_icon_font_awesome fa fa-envelope-o qode_iwt_icon_element\"><\/i><\/span><\/div><h5 class=\"icon_title\" style=\"\">Correo electr\u00f3nico<\/h5><\/div><p style=''><\/p><a itemprop='url' class='icon_with_title_link' href='mailto:lasaipsicologia@gmail.com' target='_self' style='color: #424242;'>lasaipsicologia@gmail.com<\/a><\/div><\/div><\/div><div class='q_icon_with_title tiny normal_icon left_from_title '><div class=\"icon_text_holder\" style=\"\"><div class=\"icon_text_inner\" style=\"\"><div class=\"icon_title_holder\"><div class=\"icon_holder \" style=\" \"><span data-icon-type=\"normal\" class=\"qode_iwt_icon_holder q_font_awsome_icon fa-lg  \"><i class=\"qode_icon_font_awesome fa fa-phone qode_iwt_icon_element\"><\/i><\/span><\/div><h5 class=\"icon_title\" style=\"\">Tel\u00e9fono<\/h5><\/div><p style=''><\/p><a itemprop='url' class='icon_with_title_link' href='tel:+34613067329' target='_self' style='color: #424242;'>613 06 73 29<\/a><\/div><\/div><\/div><div class='q_icon_with_title tiny normal_icon left_from_title '><div class=\"icon_text_holder\" style=\"\"><div class=\"icon_text_inner\" style=\"\"><div class=\"icon_title_holder\"><div class=\"icon_holder \" style=\" \"><span data-icon-type=\"normal\" class=\"qode_iwt_icon_holder q_font_awsome_icon fa-lg  \"><i class=\"qode_icon_font_awesome fa fa-instagram qode_iwt_icon_element\"><\/i><\/span><\/div><h5 class=\"icon_title\" style=\"\">Instagram<\/h5><\/div><p style=''><\/p><a itemprop='url' class='icon_with_title_link' href='https:\/\/www.instagram.com\/lasaipsic\/' target='_blank' style='color: #424242;'>@lasaipsic<\/a><\/div><\/div><\/div>[\/vc_column_inner][\/vc_row_inner][\/vc_column][vc_column width=\u00bb2\/3&#8243;][vc_row_inner row_type=\u00bbrow\u00bb type=\u00bbfull_width\u00bb text_align=\u00bbleft\u00bb css_animation=\u00bb\u00bb el_class=\u00bbcolumn\u00bb][vc_column_inner el_class=\u00bbcolumn\u00bb css=\u00bb.vc_custom_1773999664749{padding-top: 30px !important;padding-right: 30px !important;padding-bottom: 30px !important;padding-left: 30px !important;background-color: #0000000A !important;border-radius: 10px !important;}\u00bb]\n<div class=\"wpcf7 no-js\" id=\"wpcf7-f137-o1\" lang=\"es-ES\" dir=\"ltr\" data-wpcf7-id=\"137\">\n<div class=\"screen-reader-response\"><p role=\"status\" aria-live=\"polite\" aria-atomic=\"true\"><\/p> <ul><\/ul><\/div>\n<form action=\"\/es\/wp-json\/wp\/v2\/pages\/130#wpcf7-f137-o1\" method=\"post\" class=\"wpcf7-form init default\" aria-label=\"Formulario de contacto\" novalidate=\"novalidate\" data-status=\"init\">\n<fieldset class=\"hidden-fields-container\"><input type=\"hidden\" name=\"_wpcf7\" value=\"137\" \/><input type=\"hidden\" name=\"_wpcf7_version\" value=\"6.1.5\" \/><input type=\"hidden\" name=\"_wpcf7_locale\" value=\"es_ES\" \/><input type=\"hidden\" name=\"_wpcf7_unit_tag\" value=\"wpcf7-f137-o1\" \/><input type=\"hidden\" name=\"_wpcf7_container_post\" value=\"0\" \/><input type=\"hidden\" name=\"_wpcf7_posted_data_hash\" value=\"\" \/><input type=\"hidden\" name=\"_wpcf7_recaptcha_response\" value=\"\" \/>\n<\/fieldset>\n<label> Nombre\n    <span class=\"wpcf7-form-control-wrap\" data-name=\"your-name\"><input size=\"40\" maxlength=\"400\" class=\"wpcf7-form-control wpcf7-text wpcf7-validates-as-required\" autocomplete=\"name\" aria-required=\"true\" aria-invalid=\"false\" value=\"\" type=\"text\" name=\"your-name\" \/><\/span> <\/label>\n\n<label> Correo electr\u00f3nico\n    <span class=\"wpcf7-form-control-wrap\" data-name=\"your-email\"><input size=\"40\" maxlength=\"400\" class=\"wpcf7-form-control wpcf7-email wpcf7-validates-as-required wpcf7-text wpcf7-validates-as-email\" autocomplete=\"email\" aria-required=\"true\" aria-invalid=\"false\" value=\"\" type=\"email\" name=\"your-email\" \/><\/span> <\/label>\n\n<label> Asunto\n    <span class=\"wpcf7-form-control-wrap\" data-name=\"your-subject\"><input size=\"40\" maxlength=\"400\" class=\"wpcf7-form-control wpcf7-text wpcf7-validates-as-required\" aria-required=\"true\" aria-invalid=\"false\" value=\"\" type=\"text\" name=\"your-subject\" \/><\/span> <\/label>\n\n<label>  Mensaje\n    <span class=\"wpcf7-form-control-wrap\" data-name=\"your-message\"><textarea cols=\"40\" rows=\"10\" maxlength=\"2000\" class=\"wpcf7-form-control wpcf7-textarea\" aria-invalid=\"false\" name=\"your-message\"><\/textarea><\/span> <\/label>\n<br><input class=\"wpcf7-form-control wpcf7-submit has-spinner\" type=\"submit\" value=\"Enviar\" \/><div class=\"wpcf7-response-output\" aria-hidden=\"true\"><\/div>\n<\/form>\n<\/div>\n[\/vc_column_inner][\/vc_row_inner][\/vc_column][\/vc_row]<\/p>\n<\/div>","protected":false},"excerpt":{"rendered":"<p>[vc_row css_animation=\u00bb\u00bb row_type=\u00bbrow\u00bb use_row_as_full_screen_section=\u00bbno\u00bb type=\u00bbgrid\u00bb angled_section=\u00bbno\u00bb text_align=\u00bbleft\u00bb background_image_as_pattern=\u00bbwithout_pattern\u00bb css=\u00bb.vc_custom_1774001226373{padding-top: 150px !important;padding-bottom: 150px !important;background-image: url(https:\/\/lasaipsic.com\/wp-content\/uploads\/2026\/03\/fons-scaled.jpg?id=11) !important;}\u00bb z_index=\u00bb\u00bb el_class=\u00bbcolumn\u00bb][vc_column width=\u00bb1\/3&#8243;][vc_column_text css=\u00bb.vc_custom_1773998867795{margin-bottom: 50px !important;}\u00bb] Contacto &nbsp; En Lasai nos dedicamos a acompa\u00f1arle en su proceso de bienestar emocional y crecimiento personal. Si necesita m\u00e1s informaci\u00f3n o desea concertar&#8230;<\/p>\n","protected":false},"author":1,"featured_media":0,"parent":0,"menu_order":0,"comment_status":"closed","ping_status":"closed","template":"","meta":{"footnotes":""},"class_list":["post-130","page","type-page","status-publish","hentry"],"_links":{"self":[{"href":"https:\/\/lasaipsic.com\/es\/wp-json\/wp\/v2\/pages\/130","targetHints":{"allow":["GET"]}}],"collection":[{"href":"https:\/\/lasaipsic.com\/es\/wp-json\/wp\/v2\/pages"}],"about":[{"href":"https:\/\/lasaipsic.com\/es\/wp-json\/wp\/v2\/types\/page"}],"author":[{"embeddable":true,"href":"https:\/\/lasaipsic.com\/es\/wp-json\/wp\/v2\/users\/1"}],"replies":[{"embeddable":true,"href":"https:\/\/lasaipsic.com\/es\/wp-json\/wp\/v2\/comments?post=130"}],"version-history":[{"count":4,"href":"https:\/\/lasaipsic.com\/es\/wp-json\/wp\/v2\/pages\/130\/revisions"}],"predecessor-version":[{"id":136,"href":"https:\/\/lasaipsic.com\/es\/wp-json\/wp\/v2\/pages\/130\/revisions\/136"}],"wp:attachment":[{"href":"https:\/\/lasaipsic.com\/es\/wp-json\/wp\/v2\/media?parent=130"}],"curies":[{"name":"wp","href":"https:\/\/api.w.org\/{rel}","templated":true}]}}