{"id":133,"date":"2026-03-20T09:56:53","date_gmt":"2026-03-20T09:56:53","guid":{"rendered":"https:\/\/lasaipsic.com\/aviso-legal\/"},"modified":"2026-03-20T11:05:32","modified_gmt":"2026-03-20T11:05:32","slug":"aviso-legal","status":"publish","type":"page","link":"https:\/\/lasaipsic.com\/es\/aviso-legal\/","title":{"rendered":"Aviso legal"},"content":{"rendered":"<div class=\"wpb-content-wrapper\"><p>[vc_row css_animation=\u00bb\u00bb row_type=\u00bbrow\u00bb use_row_as_full_screen_section=\u00bbno\u00bb type=\u00bbfull_width\u00bb angled_section=\u00bbno\u00bb text_align=\u00bbleft\u00bb background_image_as_pattern=\u00bbwithout_pattern\u00bb css=\u00bb.vc_custom_1774000755232{padding-top: 120px !important;padding-bottom: 120px !important;}\u00bb z_index=\u00bb\u00bb][vc_column][vc_column_text]<\/p>\n\r\n<p>&nbsp;<\/p>\n&#13;\n<p>\u00a0<\/p>&#13;\n<p>&nbsp;<\/p>\n&#13;\n<p class=\"has-x-large-font-size\">Aviso Legal<\/p>&#13;\n<p>&nbsp;<\/p>\n&#13;\n<p>\u00a0<\/p>&#13;\n<p>\nLes dades identificatives i de contacte del titular i responsable de la web s\u00f3n les seg\u00fcents:\r\n<p>\nLASAI Espai psicoterap\u00e8utic\r\n<p>\nNIF: 39352939P\r\n<p>\nC\/ Roure, 3 &#8211; 08610 Avi\u00e0\r\n<p>\nE-mail:\u00a0<a href=\"mailto:sherna2@xtec.cat\">sherna2@xtec.cat<\/a>&#13;\n<p>\nTel\u00e8fon: +34 651 69 35 15\r\n<p>&nbsp;<\/p>\n&#13;\n<h2 class=\"wp-block-heading\">Propiedad Intelectual<\/h2>&#13;\n<p>\nEl propietari d\u2019aquesta web i el seu contingut \u00e9s LASAI amb NIF: 39352939P.\r\n<p>\nQueda prohibida la transmissi\u00f3, cessi\u00f3, venda, lloguer i\/o exhibici\u00f3 p\u00fablica d\u2019aquesta web sense l\u2019autoritzaci\u00f3 corresponent del seu propietari. La informaci\u00f3 i els continguts presentats en aquesta web s\u00f3n de car\u00e0cter orientatiu, quedant el propietari de la web exempt de qualsevol responsabilitat derivada de la manca d\u2019exactitud d\u2019aquesta informaci\u00f3 i continguts.\r\n<p>&nbsp;<\/p>\n&#13;\n<h2 class=\"wp-block-heading\">CONDICIONES DE USO DE LA WEB<\/h2>&#13;\n<p>\nEl propietari ofereix a la seva web informaci\u00f3 relacionada amb el tipus d\u2019activitat que realitza, en els termes i condicions seg\u00fcents.\r\n<p>\nEl propietari es reserva el dret d\u2019actualitzar, modificar o eliminar la informaci\u00f3 continguda a lasaipsic.com. Especialment, es reserva el dret a limitar o impedir l\u2019acc\u00e9s a la seva web quan sorgeixin dificultats t\u00e8cniques per fets o circumst\u00e0ncies alienes, i que segons el seu criteri, disminueixin o anul\u00b7lin els nivells de seguretat adoptats per al correcte funcionament de la web.\r\n<p>\nL\u2019usuari es compromet a utilitzar la web de conformitat amb la legislaci\u00f3 vigent, amb el que disposa l\u2019Av\u00eds Legal, aix\u00ed com amb la moral, la bona fe i l\u2019ordre p\u00fablic. L\u2019usuari es compromet a abstenir-se d\u2019utilitzar la web amb fins il\u00b7l\u00edcits, contraris al que estableix l\u2019Av\u00eds Legal, o de manera lesiva per als drets i interessos del propietari de la web o de tercers.\r\n<p>\nEl propietari es reserva el dret a suspendre, interrompre, denegar o retirar l\u2019acc\u00e9s i\/o \u00fas de la seva web, en qualsevol moment i sense necessitat de preav\u00eds, a qualsevol usuari que incompleixi aquest Av\u00eds Legal.\r\n<p>\nTots els continguts de la web (incloent-hi bases de dades, marques, logotips, noms comercials, imatges, dibuixos, gr\u00e0fics, fitxers de text, \u00e0udio, v\u00eddeo i programari) s\u00f3n propietat del titular de la web o han estat degudament autoritzats per al seu \u00fas, i estan protegits pels drets de propietat intel\u00b7lectual corresponents.\r\n<p>&nbsp;<\/p>\n&#13;\n<h2 class=\"wp-block-heading\">POL\u00cdTICA DE PROTECCI\u00d3N DE DATOS<\/h2>&#13;\n<p>\nAlguns serveis prestats a la web poden contenir condicions particulars amb previsions espec\u00edfiques en mat\u00e8ria de protecci\u00f3 de dades personals.\r\n<p>\nLes dades personals recollides seran objecte de tractament automatitzat i incorporades als corresponents fitxers automatitzats.\r\n<p>\nL\u2019usuari garanteix que les dades personals facilitades a lasaipsic.com s\u00f3n veraces i es fa responsable de comunicar qualsevol modificaci\u00f3.\r\n<p>\nLa recollida i tractament automatitzat de les dades personals t\u00e9 com a finalitat la comunicaci\u00f3 de lasaipsic.com amb els seus clients, sobre novetats, ampliaci\u00f3 i millora dels serveis que presta.\r\n<p>\nEl propietari de la web ha adoptat els nivells de seguretat de protecci\u00f3 de les dades personals legalment requerits i procura instal\u00b7lar aquells altres mitjans i mesures t\u00e8cniques addicionals al seu abast per evitar la p\u00e8rdua, mal \u00fas, alteraci\u00f3, acc\u00e9s no autoritzat i robatori de les dades personals facilitades. No obstant aix\u00f2, l\u2019usuari ha de ser conscient que les mesures de seguretat a Internet no s\u00f3n infal\u00b7libles.\r\n<p>\nEls usuaris tenen drets reconeguts i podran exercir els drets d\u2019acc\u00e9s, cancel\u00b7laci\u00f3, rectificaci\u00f3 i oposici\u00f3, aix\u00ed com ser informats de les cessions realitzades contactant amb lasaipsic.com.&#13;\n<p><\/p><p>[\/vc_column_text][\/vc_column][\/vc_row]<\/p>\n<\/div>","protected":false},"excerpt":{"rendered":"<p>[vc_row css_animation=\u00bb\u00bb row_type=\u00bbrow\u00bb use_row_as_full_screen_section=\u00bbno\u00bb type=\u00bbfull_width\u00bb angled_section=\u00bbno\u00bb text_align=\u00bbleft\u00bb background_image_as_pattern=\u00bbwithout_pattern\u00bb css=\u00bb.vc_custom_1774000755232{padding-top: 120px !important;padding-bottom: 120px !important;}\u00bb z_index=\u00bb\u00bb][vc_column][vc_column_text] &nbsp; &#13; \u00a0 &#13; &nbsp; &#13; Aviso Legal &#13; &nbsp; &#13; \u00a0 &#13; Les dades identificatives i de contacte del titular i responsable de la web s\u00f3n les seg\u00fcents: LASAI Espai&#8230;<\/p>\n","protected":false},"author":1,"featured_media":0,"parent":0,"menu_order":0,"comment_status":"closed","ping_status":"closed","template":"","meta":{"footnotes":""},"class_list":["post-133","page","type-page","status-publish","hentry"],"_links":{"self":[{"href":"https:\/\/lasaipsic.com\/es\/wp-json\/wp\/v2\/pages\/133","targetHints":{"allow":["GET"]}}],"collection":[{"href":"https:\/\/lasaipsic.com\/es\/wp-json\/wp\/v2\/pages"}],"about":[{"href":"https:\/\/lasaipsic.com\/es\/wp-json\/wp\/v2\/types\/page"}],"author":[{"embeddable":true,"href":"https:\/\/lasaipsic.com\/es\/wp-json\/wp\/v2\/users\/1"}],"replies":[{"embeddable":true,"href":"https:\/\/lasaipsic.com\/es\/wp-json\/wp\/v2\/comments?post=133"}],"version-history":[{"count":1,"href":"https:\/\/lasaipsic.com\/es\/wp-json\/wp\/v2\/pages\/133\/revisions"}],"predecessor-version":[{"id":135,"href":"https:\/\/lasaipsic.com\/es\/wp-json\/wp\/v2\/pages\/133\/revisions\/135"}],"wp:attachment":[{"href":"https:\/\/lasaipsic.com\/es\/wp-json\/wp\/v2\/media?parent=133"}],"curies":[{"name":"wp","href":"https:\/\/api.w.org\/{rel}","templated":true}]}}