{"id":155,"date":"2026-03-20T11:22:34","date_gmt":"2026-03-20T11:22:34","guid":{"rendered":"https:\/\/lasaipsic.com\/politica-de-privacidad\/"},"modified":"2026-03-20T11:45:44","modified_gmt":"2026-03-20T11:45:44","slug":"politica-de-privacidad","status":"publish","type":"page","link":"https:\/\/lasaipsic.com\/es\/politica-de-privacidad\/","title":{"rendered":"Pol\u00edtica de privacidad"},"content":{"rendered":"<div class=\"wpb-content-wrapper\"><p>[vc_row css_animation=\u00bb\u00bb row_type=\u00bbrow\u00bb use_row_as_full_screen_section=\u00bbno\u00bb type=\u00bbfull_width\u00bb angled_section=\u00bbno\u00bb text_align=\u00bbleft\u00bb background_image_as_pattern=\u00bbwithout_pattern\u00bb css=\u00bb.vc_custom_1774005818367{margin-top: 100px !important;margin-bottom: 100px !important;}\u00bb z_index=\u00bb\u00bb][vc_column][vc_column_text]<\/p>\n<\/p>\r\n<hr class=\"wp-block-separator has-alpha-channel-opacity\" \/><p>&nbsp;<\/p>\n&#13;\n<h1 class=\"wp-block-heading\">Pol\u00edtica de privacidad<\/h1>&#13;\n<p>&nbsp;<\/p>\n&#13;\n<h2 class=\"wp-block-heading\">Responsable del tratamiento<\/h2>&#13;\n<p>\n<strong>LASAI Espai psicoterap\u00e8utic<\/strong> NIF: 39352939P C\/ Roure, 3 \u2013 08610 Avi\u00e0 E-mail: <a href=\"mailto:sherna2@xtec.cat\">sherna2@xtec.cat<\/a> Tel\u00e8fon: +34 651 69 35 15&#13;\n<p>&nbsp;<\/p>\n<hr class=\"wp-block-separator has-alpha-channel-opacity\" \/><p>&nbsp;<\/p>\n&#13;\n<h2 class=\"wp-block-heading\">\u00bfQu\u00e9 datos recopilamos?<\/h2>&#13;\n<p>\nPodem recollir les seg\u00fcents dades personals quan l&#8217;usuari les facilita volunt\u00e0riament a trav\u00e9s de la web <strong>lasaipsic.com<\/strong>:&#13;\n<p>\nNom i cognoms\r\n<p>\nAdre\u00e7a de correu electr\u00f2nic\r\n<p>\nN\u00famero de tel\u00e8fon\r\n<p>\nQualsevol altra dada que l&#8217;usuari proporcioni en contactar-nos\r\n<p>&nbsp;<\/p>\n<hr class=\"wp-block-separator has-alpha-channel-opacity\" \/><p>&nbsp;<\/p>\n&#13;\n<h2 class=\"wp-block-heading\">\u00bfCon qu\u00e9 finalidad tratamos sus datos?<\/h2>&#13;\n<p>\nLes dades personals facilitades es tractaran per a les finalitats seg\u00fcents:\r\n<p>\nGestionar les consultes i comunicacions rebudes\r\n<p>\nInformar sobre novetats, ampliaci\u00f3 i millora dels serveis de LASAI Espai psicoterap\u00e8utic\r\n<p>\nPrestar els serveis sol\u00b7licitats per l&#8217;usuari\r\n<p>&nbsp;<\/p>\n<hr class=\"wp-block-separator has-alpha-channel-opacity\" \/><p>&nbsp;<\/p>\n&#13;\n<h2 class=\"wp-block-heading\">\u00bfCu\u00e1l es la base legal del tratamiento?<\/h2>&#13;\n<p>\nEl tractament de les teves dades es basa en:\r\n<p>\nEl <strong>consentiment<\/strong> de l&#8217;usuari en facilitar les seves dades&#13;\n<p>\nL&#8217;<strong>inter\u00e8s leg\u00edtim<\/strong> del responsable per gestionar les comunicacions&#13;\n<p>\nEl compliment d&#8217;una <strong>relaci\u00f3 contractual<\/strong> quan es contracten serveis&#13;\n<p>&nbsp;<\/p>\n<hr class=\"wp-block-separator has-alpha-channel-opacity\" \/><p>&nbsp;<\/p>\n&#13;\n<h2 class=\"wp-block-heading\">\u00bfDurante cu\u00e1nto tiempo conservamos sus datos?<\/h2>&#13;\n<p>\nLes dades personals es conservaran mentre siguin necess\u00e0ries per a la finalitat per a la qual van ser recollides, o fins que l&#8217;usuari sol\u00b7liciti la seva supressi\u00f3. Un cop finalitzada la relaci\u00f3, les dades es conservaran degudament bloquejades durant els terminis legalment establerts.\r\n<p>&nbsp;<\/p>\n<hr class=\"wp-block-separator has-alpha-channel-opacity\" \/><p>&nbsp;<\/p>\n&#13;\n<h2 class=\"wp-block-heading\">\u00bfA qui\u00e9n cedemos sus datos?<\/h2>&#13;\n<p>\nLes teves dades personals no seran cedides a tercers, excepte en els casos en qu\u00e8 existeixi una obligaci\u00f3 legal o sigui estrictament necessari per a la prestaci\u00f3 del servei sol\u00b7licitat.\r\n<p>&nbsp;<\/p>\n<hr class=\"wp-block-separator has-alpha-channel-opacity\" \/><p>&nbsp;<\/p>\n&#13;\n<h2 class=\"wp-block-heading\">\u00bfCu\u00e1les son sus derechos?<\/h2>&#13;\n<p>\nD&#8217;acord amb el Reglament General de Protecci\u00f3 de Dades (RGPD) i la Llei Org\u00e0nica 3\/2018 de Protecci\u00f3 de Dades Personals (LOPDGDD), tens dret a:\r\n<p>\n<strong>Acc\u00e9s:<\/strong> obtenir confirmaci\u00f3 sobre si tractem les teves dades&#13;\n<p>\n<strong>Rectificaci\u00f3:<\/strong> corregir dades inexactes o incompletes&#13;\n<p>\n<strong>Supressi\u00f3:<\/strong> sol\u00b7licitar l&#8217;eliminaci\u00f3 de les teves dades&#13;\n<p>\n<strong>Oposici\u00f3:<\/strong> oposar-te al tractament de les teves dades&#13;\n<p>\n<strong>Limitaci\u00f3:<\/strong> sol\u00b7licitar la restricci\u00f3 del tractament&#13;\n<p>\n<strong>Portabilitat:<\/strong> rebre les teves dades en un format estructurat&#13;\n<p>\nPer exercir aquests drets, pots contactar-nos a: \ud83d\udce7 <a href=\"mailto:sherna2@xtec.cat\">sherna2@xtec.cat<\/a> \ud83d\udcee C\/ Roure, 3 \u2013 08610 Avi\u00e0&#13;\n<p>\nSi consideres que els teus drets no han estat atesos adequadament, tens dret a presentar una reclamaci\u00f3 davant l&#8217;<strong>Ag\u00e8ncia Espanyola de Protecci\u00f3 de Dades (AEPD)<\/strong> a <a href=\"https:\/\/www.aepd.es\">www.aepd.es<\/a>.&#13;\n<p>&nbsp;<\/p>\n<hr class=\"wp-block-separator has-alpha-channel-opacity\" \/><p>&nbsp;<\/p>\n&#13;\n<h2 class=\"wp-block-heading\">Seguridad de los datos<\/h2>&#13;\n<p>\nLASAI Espai psicoterap\u00e8utic ha adoptat les mesures t\u00e8cniques i organitzatives necess\u00e0ries per garantir la seguretat de les dades personals i evitar-ne la p\u00e8rdua, mal \u00fas, alteraci\u00f3, acc\u00e9s no autoritzat o robatori. Tot i aix\u00f2, l&#8217;usuari ha de ser conscient que les mesures de seguretat a Internet no s\u00f3n infal\u00b7libles.\r\n<p>&nbsp;<\/p>\n<hr class=\"wp-block-separator has-alpha-channel-opacity\" \/><p>&nbsp;<\/p>\n&#13;\n<h2 class=\"wp-block-heading\">Uso de cookies<\/h2>&#13;\n<p>\nAquesta web pot utilitzar cookies pr\u00f2pies o de tercers per millorar l&#8217;experi\u00e8ncia de navegaci\u00f3. Pots consultar m\u00e9s informaci\u00f3 a la nostra <strong>Pol\u00edtica de Cookies<\/strong>.&#13;\n<p>&nbsp;<\/p>\n<hr class=\"wp-block-separator has-alpha-channel-opacity\" \/><p>&nbsp;<\/p>\n&#13;\n<h2 class=\"wp-block-heading\">Modificaciones de la pol\u00edtica de privacidad<\/h2>&#13;\n<p>\nLASAI Espai psicoterap\u00e8utic es reserva el dret a modificar aquesta Pol\u00edtica de Privacitat per adaptar-la a canvis legislatius o de funcionament de la web. En cas de modificaci\u00f3 substancial, s&#8217;informar\u00e0 l&#8217;usuari a trav\u00e9s de la web.&#13;\n<p><\/p><p>[\/vc_column_text][\/vc_column][\/vc_row]<\/p>\n<\/div>","protected":false},"excerpt":{"rendered":"<p>[vc_row css_animation=\u00bb\u00bb row_type=\u00bbrow\u00bb use_row_as_full_screen_section=\u00bbno\u00bb type=\u00bbfull_width\u00bb angled_section=\u00bbno\u00bb text_align=\u00bbleft\u00bb background_image_as_pattern=\u00bbwithout_pattern\u00bb css=\u00bb.vc_custom_1774005818367{margin-top: 100px !important;margin-bottom: 100px !important;}\u00bb z_index=\u00bb\u00bb][vc_column][vc_column_text] &nbsp; &#13; Pol\u00edtica de privacidad &#13; &nbsp; &#13; Responsable del tratamiento &#13; LASAI Espai psicoterap\u00e8utic NIF: 39352939P C\/ Roure, 3 \u2013 08610 Avi\u00e0 E-mail: sherna2@xtec.cat Tel\u00e8fon: +34 651 69 35 15&#13;&#8230;<\/p>\n","protected":false},"author":1,"featured_media":0,"parent":0,"menu_order":0,"comment_status":"closed","ping_status":"closed","template":"","meta":{"footnotes":""},"class_list":["post-155","page","type-page","status-publish","hentry"],"_links":{"self":[{"href":"https:\/\/lasaipsic.com\/es\/wp-json\/wp\/v2\/pages\/155","targetHints":{"allow":["GET"]}}],"collection":[{"href":"https:\/\/lasaipsic.com\/es\/wp-json\/wp\/v2\/pages"}],"about":[{"href":"https:\/\/lasaipsic.com\/es\/wp-json\/wp\/v2\/types\/page"}],"author":[{"embeddable":true,"href":"https:\/\/lasaipsic.com\/es\/wp-json\/wp\/v2\/users\/1"}],"replies":[{"embeddable":true,"href":"https:\/\/lasaipsic.com\/es\/wp-json\/wp\/v2\/comments?post=155"}],"version-history":[{"count":1,"href":"https:\/\/lasaipsic.com\/es\/wp-json\/wp\/v2\/pages\/155\/revisions"}],"predecessor-version":[{"id":156,"href":"https:\/\/lasaipsic.com\/es\/wp-json\/wp\/v2\/pages\/155\/revisions\/156"}],"wp:attachment":[{"href":"https:\/\/lasaipsic.com\/es\/wp-json\/wp\/v2\/media?parent=155"}],"curies":[{"name":"wp","href":"https:\/\/api.w.org\/{rel}","templated":true}]}}